{"id":2,"date":"2017-09-17T14:24:34","date_gmt":"2017-09-17T17:24:34","guid":{"rendered":"http:\/\/www.federacaobrasilcom.org.br\/associadas\/?page_id=2"},"modified":"2026-01-06T15:56:03","modified_gmt":"2026-01-06T18:56:03","slug":"login","status":"publish","type":"page","link":"http:\/\/www.federacaobrasilcom.org.br\/associadas\/","title":{"rendered":"Pagina Inicial"},"content":{"rendered":"<div class=\"wpb-content-wrapper\"><p>[restrict]<br \/>\n[vc_row full_width=&#8221;stretch_row&#8221; css=&#8221;.vc_custom_1541977473983{padding-top: 90px !important;padding-bottom: 70px !important;padding-left: 50px !important;background-image: url(http:\/\/www.federacaobrasilcom.org.br\/associadas\/wp-content\/uploads\/2018\/01\/background-images-6201-6474-hd-wallpapers.jpg?id=284) !important;}&#8221;][vc_column][vc_custom_heading text=&#8221;\u00c1REA RESTRITA&#8221; font_container=&#8221;tag:h2|font_size:30px|text_align:left&#8221; google_fonts=&#8221;font_family:Raleway%3A100%2C200%2C300%2Cregular%2C500%2C600%2C700%2C800%2C900|font_style:400%20regular%3A400%3Anormal&#8221;][\/vc_column][\/vc_row]<\/p>\n<p>[vc_row][vc_column][vc_column_text]<\/p>\n<h1 style=\"text-align: center;\">Bem-vindo \u00e0 \u00c1rea Restrita (AR)<\/h1>\n<h4 style=\"text-align: left;\">&#8211; Navegue pelo menu superior para acessar os arquivos.<\/h4>\n<h4 style=\"text-align: left;\">&#8211; Esta \u00e9 uma senha de acesso exclusivo das Associadas (para visualiza\u00e7\u00e3o apenas), sendo de sua responsabilidade o uso e o cuidado com as informa\u00e7\u00f5es aqui contidas.<\/h4>\n<h4>&#8211; Para quaisquer assuntos referentes \u00e0 AR, contate Alexandra Solano.<\/h4>\n<h4 style=\"text-align: left;\"><\/h4>\n<h4 style=\"text-align: left;\"><\/h4>\n<p>[\/vc_column_text][\/vc_column][\/vc_row]<\/p>\n<p>[\/restrict]<br \/>\n[vc_row]<br \/>\n[vc_column]<br \/>\n<form name=\"loginform\" id=\"loginform\" action=\"http:\/\/www.federacaobrasilcom.org.br\/associadas\/wp-login.php\" method=\"post\"><p class=\"login-username\">\n\t\t\t\t<label for=\"user_login\">Nome de usu\u00e1rio ou endere\u00e7o de e-mail<\/label>\n\t\t\t\t<input type=\"text\" name=\"log\" id=\"user_login\" autocomplete=\"username\" class=\"input\" value=\"\" size=\"20\" \/>\n\t\t\t<\/p><p class=\"login-password\">\n\t\t\t\t<label for=\"user_pass\">Senha<\/label>\n\t\t\t\t<input type=\"password\" name=\"pwd\" id=\"user_pass\" autocomplete=\"current-password\" spellcheck=\"false\" class=\"input\" value=\"\" size=\"20\" \/>\n\t\t\t<\/p><p class=\"login-remember\"><label><input name=\"rememberme\" type=\"checkbox\" id=\"rememberme\" value=\"forever\" \/> Lembrar-me<\/label><\/p><p class=\"login-submit\">\n\t\t\t\t<input type=\"submit\" name=\"wp-submit\" id=\"wp-submit\" class=\"button button-primary\" value=\"Acessar\" \/>\n\t\t\t\t<input type=\"hidden\" name=\"redirect_to\" value=\"http:\/\/www.federacaobrasilcom.org.br\/associadas\/login\" \/>\n\t\t\t<\/p><\/form><br \/>\n[\/vc_column]<br \/>\n[\/vc_row]<\/p>\n<\/div>","protected":false},"excerpt":{"rendered":"<p>[restrict] [vc_row full_width=&#8221;stretch_row&#8221; css=&#8221;.vc_custom_1541977473983{padding-top: 90px !important;padding-bottom: 70px !important;padding-left: 50px !important;background-image: url(http:\/\/www.federacaobrasilcom.org.br\/associadas\/wp-content\/uploads\/2018\/01\/background-images-6201-6474-hd-wallpapers.jpg?id=284) !important;}&#8221;][vc_column][vc_custom_heading text=&#8221;\u00c1REA RESTRITA&#8221; font_container=&#8221;tag:h2|font_size:30px|text_align:left&#8221; google_fonts=&#8221;font_family:Raleway%3A100%2C200%2C300%2Cregular%2C500%2C600%2C700%2C800%2C900|font_style:400%20regular%3A400%3Anormal&#8221;][\/vc_column][\/vc_row] [vc_row][vc_column][vc_column_text] Bem-vindo \u00e0 \u00c1rea Restrita&#8230;<\/p>\n","protected":false},"author":1,"featured_media":0,"parent":0,"menu_order":0,"comment_status":"closed","ping_status":"closed","template":"","meta":{"footnotes":""},"class_list":["post-2","page","type-page","status-publish","hentry"],"_links":{"self":[{"href":"http:\/\/www.federacaobrasilcom.org.br\/associadas\/wp-json\/wp\/v2\/pages\/2","targetHints":{"allow":["GET"]}}],"collection":[{"href":"http:\/\/www.federacaobrasilcom.org.br\/associadas\/wp-json\/wp\/v2\/pages"}],"about":[{"href":"http:\/\/www.federacaobrasilcom.org.br\/associadas\/wp-json\/wp\/v2\/types\/page"}],"author":[{"embeddable":true,"href":"http:\/\/www.federacaobrasilcom.org.br\/associadas\/wp-json\/wp\/v2\/users\/1"}],"replies":[{"embeddable":true,"href":"http:\/\/www.federacaobrasilcom.org.br\/associadas\/wp-json\/wp\/v2\/comments?post=2"}],"version-history":[{"count":43,"href":"http:\/\/www.federacaobrasilcom.org.br\/associadas\/wp-json\/wp\/v2\/pages\/2\/revisions"}],"predecessor-version":[{"id":2657,"href":"http:\/\/www.federacaobrasilcom.org.br\/associadas\/wp-json\/wp\/v2\/pages\/2\/revisions\/2657"}],"wp:attachment":[{"href":"http:\/\/www.federacaobrasilcom.org.br\/associadas\/wp-json\/wp\/v2\/media?parent=2"}],"curies":[{"name":"wp","href":"https:\/\/api.w.org\/{rel}","templated":true}]}}